{"id":757,"date":"2020-07-17T10:01:56","date_gmt":"2020-07-17T07:01:56","guid":{"rendered":"http:\/\/etagalvaniz.xyz\/?page_id=757"},"modified":"2020-07-22T13:44:00","modified_gmt":"2020-07-22T10:44:00","slug":"cevre-ve-kalite","status":"publish","type":"page","link":"https:\/\/www.etacopkonteyner.com\/?page_id=757","title":{"rendered":"\u00c7evre ve Kalite"},"content":{"rendered":"<p>BDB REKLAM<\/p>\n<p>ENTEGRE POL\u0130T\u0130KA<\/p>\n<p>Dok\u00fcman No:POL.01<\/p>\n<p>Yay\u0131m Tarihi:04.01.2018<\/p>\n<p>Revizyon No: 00<\/p>\n<p>Revizyon Tarihi:&#8211;<\/p>\n<p>Sayfa No : 1\/1<\/p>\n<p>\u00c7EVRE ve KAL\u0130TE POL\u0130T\u0130KAMIZ<\/p>\n<p>Firma olarak t\u00fcm faaliyetlerimiz ile ekolojik dengeye zarar vermeyece\u011fimizi,<\/p>\n<p>\u0130lgili taraflar\u0131n \u00e7evre bilincinin geli\u015ftirilmesi i\u00e7in \u00e7al\u0131\u015fmalarda bulunaca\u011f\u0131m\u0131za<\/p>\n<p>At\u0131klar\u0131n kayna\u011f\u0131nda en aza indirilmesi, m\u00fcmk\u00fcn oldu\u011funda yeniden kullan\u0131lmas\u0131 ve geri d\u00f6n\u00fc\u015ft\u00fcr\u00fclmesi, de\u011ferlendirilmeyen at\u0131klar\u0131n uygun y\u00f6ntemlerle bertaraf edilmesini sa\u011flayaca\u011f\u0131m\u0131z\u0131,<\/p>\n<p>Enerji, hammadde ve do\u011fal kaynaklar\u0131n verimli kullan\u0131lmas\u0131n\u0131 sa\u011flayaca\u011f\u0131m\u0131z\u0131,<\/p>\n<p>Y\u00f6netim sistemimizi s\u00fcrekli geli\u015ftirece\u011fimizi ve iyile\u015ftirece\u011fimizi,<\/p>\n<p>\u00c7al\u0131\u015fanlar\u0131m\u0131z\u0131n ve faaliyetlerimizden etkilenecek insanlar\u0131n sa\u011fl\u0131\u011f\u0131na gelebilecek olumsuz etkileri \u00f6nlemek, kendimizin ve di\u011fer \u015fah\u0131slar\u0131n m\u00fclkiyetine gelebilecek kaza, hasar ve tehlikeleri daha ba\u015flang\u0131\u00e7 a\u015famas\u0131nda kontrol etmek i\u00e7in gerekli her t\u00fcrl\u00fc korumay\u0131 sa\u011flayaca\u011f\u0131m\u0131z\u0131,<\/p>\n<p>Bu do\u011frultuda \u00e7al\u0131\u015fanlar\u0131m\u0131z\u0131n \u00e7evre ve i\u015f sa\u011fl\u0131\u011f\u0131 g\u00fcvenli\u011fi bilincini geli\u015ftirerek, \u00c7\u0130\u015eK y\u00f6netim sistemi anlay\u0131\u015f\u0131n\u0131 ya\u015fam felsefesi haline getirece\u011fimizi,<\/p>\n<p>\u0130\u015f sa\u011fl\u0131\u011f\u0131 ve g\u00fcvenli\u011fi ile ilgili tehlikeleri de ayn\u0131 hassasiyetle izleyece\u011fimizi, bunlar\u0131 en aza indirmek i\u00e7in gerekli \u00e7abay\u0131 g\u00f6sterece\u011fimizi,<\/p>\n<p>Yasal y\u00fck\u00fcml\u00fcl\u00fcklerimize, y\u00fcr\u00fcrl\u00fckteki \u00c7evre ve \u0130SG mevzuatlar\u0131na ve \u00fcyesi oldu\u011fumuz kurulu\u015flar\u0131n \u015fartlar\u0131n\u0131 uyaca\u011f\u0131m\u0131z\u0131,<\/p>\n<p>\u0130lgili taraflar\u0131n \u00e7evre ve \u0130SG bilincinin geli\u015ftirilmesi i\u00e7in \u00e7al\u0131\u015fmalarda bulunaca\u011f\u0131m\u0131z\u0131,<\/p>\n<p>S\u00fcrekli geli\u015fme felsefesini ve sistemlerini t\u00fcm s\u00fcre\u00e7lerde Y\u00d6NET\u0130M S\u0130STEM\u0130\u2019 uygun hale getirece\u011fimizi ve etkinli\u011fini s\u00fcrekli iyile\u015ftirece\u011fimizi, t\u00fcm personele \u00f6z\u00fcmsetece\u011fimizi ve bu do\u011frultuda pazar pay\u0131n\u0131, karl\u0131l\u0131\u011f\u0131n\u0131, rekabet g\u00fcc\u00fcn\u00fc artt\u0131raca\u011f\u0131m\u0131z\u0131,<\/p>\n<p>Sekt\u00f6rdeki teknolojik yenilikleri d\u00fcnyayla e\u015f zamanl\u0131 olarak takip ederek, y\u00f6netim kadromuz ve e\u011fitimli \u00e7a\u011fda\u015f personelimizle, m\u00fc\u015fterilerimizin ihtiya\u00e7 ve beklentilerini y\u00f6netim sistemi \u015fartlar\u0131na uygun olarak kar\u015f\u0131layaca\u011f\u0131m\u0131z\u0131 taahh\u00fct ederiz.<\/p>\n<p>GENEL M\u00dcD\u00dcR<\/p>\n<p>\u0130S\u0130M<\/p>\n<p>UNVAN<\/p>\n<p>\u0130MZA<\/p>\n<p>TAR\u0130H<\/p>\n<p>ONAYLAYAN<\/p>\n","protected":false},"excerpt":{"rendered":"<p>BDB REKLAM ENTEGRE POL\u0130T\u0130KA Dok\u00fcman No:POL.01 Yay\u0131m Tarihi:04.01.2018 Revizyon No: 00 Revizyon Tarihi:&#8211; Sayfa No : 1\/1 \u00c7EVRE ve KAL\u0130TE POL\u0130T\u0130KAMIZ Firma olarak t\u00fcm faaliyetlerimiz ile ekolojik dengeye zarar vermeyece\u011fimizi, \u0130lgili taraflar\u0131n \u00e7evre bilincinin geli\u015ftirilmesi i\u00e7in \u00e7al\u0131\u015fmalarda bulunaca\u011f\u0131m\u0131za At\u0131klar\u0131n kayna\u011f\u0131nda en aza indirilmesi, m\u00fcmk\u00fcn oldu\u011funda yeniden kullan\u0131lmas\u0131 ve geri d\u00f6n\u00fc\u015ft\u00fcr\u00fclmesi, de\u011ferlendirilmeyen at\u0131klar\u0131n uygun y\u00f6ntemlerle bertaraf [&hellip;]<\/p>\n","protected":false},"author":1,"featured_media":0,"parent":0,"menu_order":0,"comment_status":"closed","ping_status":"closed","template":"","meta":{"footnotes":""},"class_list":["post-757","page","type-page","status-publish","hentry"],"yoast_head":"<!-- This site is optimized with the Yoast SEO plugin v26.6 - https:\/\/yoast.com\/wordpress\/plugins\/seo\/ -->\n<title>\u00c7evre ve Kalite - Eta Metal<\/title>\n<meta name=\"robots\" content=\"index, follow, max-snippet:-1, max-image-preview:large, max-video-preview:-1\" \/>\n<link rel=\"canonical\" href=\"https:\/\/www.etacopkonteyner.com\/?page_id=757\" \/>\n<meta property=\"og:locale\" content=\"tr_TR\" \/>\n<meta property=\"og:type\" content=\"article\" \/>\n<meta property=\"og:title\" content=\"\u00c7evre ve Kalite - Eta Metal\" \/>\n<meta property=\"og:description\" content=\"BDB REKLAM ENTEGRE POL\u0130T\u0130KA Dok\u00fcman No:POL.01 Yay\u0131m Tarihi:04.01.2018 Revizyon No: 00 Revizyon Tarihi:&#8211; Sayfa No : 1\/1 \u00c7EVRE ve KAL\u0130TE POL\u0130T\u0130KAMIZ Firma olarak t\u00fcm faaliyetlerimiz ile ekolojik dengeye zarar vermeyece\u011fimizi, \u0130lgili taraflar\u0131n \u00e7evre bilincinin geli\u015ftirilmesi i\u00e7in \u00e7al\u0131\u015fmalarda bulunaca\u011f\u0131m\u0131za At\u0131klar\u0131n kayna\u011f\u0131nda en aza indirilmesi, m\u00fcmk\u00fcn oldu\u011funda yeniden kullan\u0131lmas\u0131 ve geri d\u00f6n\u00fc\u015ft\u00fcr\u00fclmesi, de\u011ferlendirilmeyen at\u0131klar\u0131n uygun y\u00f6ntemlerle bertaraf [&hellip;]\" \/>\n<meta property=\"og:url\" content=\"https:\/\/www.etacopkonteyner.com\/?page_id=757\" \/>\n<meta property=\"og:site_name\" content=\"Eta Metal\" \/>\n<meta property=\"article:modified_time\" content=\"2020-07-22T10:44:00+00:00\" \/>\n<meta name=\"twitter:card\" content=\"summary_large_image\" \/>\n<meta name=\"twitter:label1\" content=\"Tahmini okuma s\u00fcresi\" \/>\n\t<meta name=\"twitter:data1\" content=\"2 dakika\" \/>\n<script type=\"application\/ld+json\" class=\"yoast-schema-graph\">{\"@context\":\"https:\/\/schema.org\",\"@graph\":[{\"@type\":\"WebPage\",\"@id\":\"https:\/\/www.etacopkonteyner.com\/?page_id=757\",\"url\":\"https:\/\/www.etacopkonteyner.com\/?page_id=757\",\"name\":\"\u00c7evre ve Kalite - Eta Metal\",\"isPartOf\":{\"@id\":\"https:\/\/www.etacopkonteyner.com\/#website\"},\"datePublished\":\"2020-07-17T07:01:56+00:00\",\"dateModified\":\"2020-07-22T10:44:00+00:00\",\"breadcrumb\":{\"@id\":\"https:\/\/www.etacopkonteyner.com\/?page_id=757#breadcrumb\"},\"inLanguage\":\"tr\",\"potentialAction\":[{\"@type\":\"ReadAction\",\"target\":[\"https:\/\/www.etacopkonteyner.com\/?page_id=757\"]}]},{\"@type\":\"BreadcrumbList\",\"@id\":\"https:\/\/www.etacopkonteyner.com\/?page_id=757#breadcrumb\",\"itemListElement\":[{\"@type\":\"ListItem\",\"position\":1,\"name\":\"Anasayfa\",\"item\":\"https:\/\/www.etacopkonteyner.com\/\"},{\"@type\":\"ListItem\",\"position\":2,\"name\":\"\u00c7evre ve Kalite\"}]},{\"@type\":\"WebSite\",\"@id\":\"https:\/\/www.etacopkonteyner.com\/#website\",\"url\":\"https:\/\/www.etacopkonteyner.com\/\",\"name\":\"Eta Metal\",\"description\":\"Metal \u0130malat\u0131\",\"publisher\":{\"@id\":\"https:\/\/www.etacopkonteyner.com\/#organization\"},\"potentialAction\":[{\"@type\":\"SearchAction\",\"target\":{\"@type\":\"EntryPoint\",\"urlTemplate\":\"https:\/\/www.etacopkonteyner.com\/?s={search_term_string}\"},\"query-input\":{\"@type\":\"PropertyValueSpecification\",\"valueRequired\":true,\"valueName\":\"search_term_string\"}}],\"inLanguage\":\"tr\"},{\"@type\":\"Organization\",\"@id\":\"https:\/\/www.etacopkonteyner.com\/#organization\",\"name\":\"Eta Metal\",\"url\":\"https:\/\/www.etacopkonteyner.com\/\",\"logo\":{\"@type\":\"ImageObject\",\"inLanguage\":\"tr\",\"@id\":\"https:\/\/www.etacopkonteyner.com\/#\/schema\/logo\/image\/\",\"url\":\"http:\/\/www.etacopkonteyner.com\/wp-content\/uploads\/2022\/08\/cropped-etametal4.png\",\"contentUrl\":\"http:\/\/www.etacopkonteyner.com\/wp-content\/uploads\/2022\/08\/cropped-etametal4.png\",\"width\":180,\"height\":85,\"caption\":\"Eta Metal\"},\"image\":{\"@id\":\"https:\/\/www.etacopkonteyner.com\/#\/schema\/logo\/image\/\"}}]}<\/script>\n<!-- \/ Yoast SEO plugin. -->","yoast_head_json":{"title":"\u00c7evre ve Kalite - Eta Metal","robots":{"index":"index","follow":"follow","max-snippet":"max-snippet:-1","max-image-preview":"max-image-preview:large","max-video-preview":"max-video-preview:-1"},"canonical":"https:\/\/www.etacopkonteyner.com\/?page_id=757","og_locale":"tr_TR","og_type":"article","og_title":"\u00c7evre ve Kalite - Eta Metal","og_description":"BDB REKLAM ENTEGRE POL\u0130T\u0130KA Dok\u00fcman No:POL.01 Yay\u0131m Tarihi:04.01.2018 Revizyon No: 00 Revizyon Tarihi:&#8211; Sayfa No : 1\/1 \u00c7EVRE ve KAL\u0130TE POL\u0130T\u0130KAMIZ Firma olarak t\u00fcm faaliyetlerimiz ile ekolojik dengeye zarar vermeyece\u011fimizi, \u0130lgili taraflar\u0131n \u00e7evre bilincinin geli\u015ftirilmesi i\u00e7in \u00e7al\u0131\u015fmalarda bulunaca\u011f\u0131m\u0131za At\u0131klar\u0131n kayna\u011f\u0131nda en aza indirilmesi, m\u00fcmk\u00fcn oldu\u011funda yeniden kullan\u0131lmas\u0131 ve geri d\u00f6n\u00fc\u015ft\u00fcr\u00fclmesi, de\u011ferlendirilmeyen at\u0131klar\u0131n uygun y\u00f6ntemlerle bertaraf [&hellip;]","og_url":"https:\/\/www.etacopkonteyner.com\/?page_id=757","og_site_name":"Eta Metal","article_modified_time":"2020-07-22T10:44:00+00:00","twitter_card":"summary_large_image","twitter_misc":{"Tahmini okuma s\u00fcresi":"2 dakika"},"schema":{"@context":"https:\/\/schema.org","@graph":[{"@type":"WebPage","@id":"https:\/\/www.etacopkonteyner.com\/?page_id=757","url":"https:\/\/www.etacopkonteyner.com\/?page_id=757","name":"\u00c7evre ve Kalite - Eta Metal","isPartOf":{"@id":"https:\/\/www.etacopkonteyner.com\/#website"},"datePublished":"2020-07-17T07:01:56+00:00","dateModified":"2020-07-22T10:44:00+00:00","breadcrumb":{"@id":"https:\/\/www.etacopkonteyner.com\/?page_id=757#breadcrumb"},"inLanguage":"tr","potentialAction":[{"@type":"ReadAction","target":["https:\/\/www.etacopkonteyner.com\/?page_id=757"]}]},{"@type":"BreadcrumbList","@id":"https:\/\/www.etacopkonteyner.com\/?page_id=757#breadcrumb","itemListElement":[{"@type":"ListItem","position":1,"name":"Anasayfa","item":"https:\/\/www.etacopkonteyner.com\/"},{"@type":"ListItem","position":2,"name":"\u00c7evre ve Kalite"}]},{"@type":"WebSite","@id":"https:\/\/www.etacopkonteyner.com\/#website","url":"https:\/\/www.etacopkonteyner.com\/","name":"Eta Metal","description":"Metal \u0130malat\u0131","publisher":{"@id":"https:\/\/www.etacopkonteyner.com\/#organization"},"potentialAction":[{"@type":"SearchAction","target":{"@type":"EntryPoint","urlTemplate":"https:\/\/www.etacopkonteyner.com\/?s={search_term_string}"},"query-input":{"@type":"PropertyValueSpecification","valueRequired":true,"valueName":"search_term_string"}}],"inLanguage":"tr"},{"@type":"Organization","@id":"https:\/\/www.etacopkonteyner.com\/#organization","name":"Eta Metal","url":"https:\/\/www.etacopkonteyner.com\/","logo":{"@type":"ImageObject","inLanguage":"tr","@id":"https:\/\/www.etacopkonteyner.com\/#\/schema\/logo\/image\/","url":"http:\/\/www.etacopkonteyner.com\/wp-content\/uploads\/2022\/08\/cropped-etametal4.png","contentUrl":"http:\/\/www.etacopkonteyner.com\/wp-content\/uploads\/2022\/08\/cropped-etametal4.png","width":180,"height":85,"caption":"Eta Metal"},"image":{"@id":"https:\/\/www.etacopkonteyner.com\/#\/schema\/logo\/image\/"}}]}},"_links":{"self":[{"href":"https:\/\/www.etacopkonteyner.com\/index.php?rest_route=\/wp\/v2\/pages\/757","targetHints":{"allow":["GET"]}}],"collection":[{"href":"https:\/\/www.etacopkonteyner.com\/index.php?rest_route=\/wp\/v2\/pages"}],"about":[{"href":"https:\/\/www.etacopkonteyner.com\/index.php?rest_route=\/wp\/v2\/types\/page"}],"author":[{"embeddable":true,"href":"https:\/\/www.etacopkonteyner.com\/index.php?rest_route=\/wp\/v2\/users\/1"}],"replies":[{"embeddable":true,"href":"https:\/\/www.etacopkonteyner.com\/index.php?rest_route=%2Fwp%2Fv2%2Fcomments&post=757"}],"version-history":[{"count":1,"href":"https:\/\/www.etacopkonteyner.com\/index.php?rest_route=\/wp\/v2\/pages\/757\/revisions"}],"predecessor-version":[{"id":801,"href":"https:\/\/www.etacopkonteyner.com\/index.php?rest_route=\/wp\/v2\/pages\/757\/revisions\/801"}],"wp:attachment":[{"href":"https:\/\/www.etacopkonteyner.com\/index.php?rest_route=%2Fwp%2Fv2%2Fmedia&parent=757"}],"curies":[{"name":"wp","href":"https:\/\/api.w.org\/{rel}","templated":true}]}}