{"id":607,"date":"2020-07-16T11:28:54","date_gmt":"2020-07-16T08:28:54","guid":{"rendered":"http:\/\/etagalvaniz.xyz\/?post_type=product&amp;p=607"},"modified":"2020-07-16T11:28:54","modified_gmt":"2020-07-16T08:28:54","slug":"e118-bahce-tipi-cop-kovasi","status":"publish","type":"product","link":"https:\/\/www.etacopkonteyner.com\/?product=e118-bahce-tipi-cop-kovasi","title":{"rendered":"E118 BAH\u00c7E T\u0130P\u0130 \u00c7\u00d6P KOVASI"},"content":{"rendered":"<p>E118 BAH\u00c7E T\u0130P\u0130 \u00c7\u00d6P KOVASI<\/p>\n","protected":false},"excerpt":{"rendered":"<p>E118 BAH\u00c7E T\u0130P\u0130 \u00c7\u00d6P KOVASI<\/p>\n","protected":false},"featured_media":608,"comment_status":"open","ping_status":"closed","template":"","meta":[],"product_brand":[],"product_cat":[68],"product_tag":[],"class_list":{"0":"post-607","1":"product","2":"type-product","3":"status-publish","4":"has-post-thumbnail","6":"product_cat-dis-mekan-cop-kovalari","8":"first","9":"instock","10":"shipping-taxable","11":"purchasable","12":"product-type-simple"},"yoast_head":"<!-- This site is optimized with the Yoast SEO plugin v26.6 - https:\/\/yoast.com\/wordpress\/plugins\/seo\/ -->\n<title>E118 BAH\u00c7E T\u0130P\u0130 \u00c7\u00d6P KOVASI - Eta Metal<\/title>\n<meta name=\"robots\" content=\"index, follow, max-snippet:-1, max-image-preview:large, max-video-preview:-1\" \/>\n<link rel=\"canonical\" href=\"https:\/\/www.etacopkonteyner.com\/?product=e118-bahce-tipi-cop-kovasi\" \/>\n<meta property=\"og:locale\" content=\"tr_TR\" \/>\n<meta property=\"og:type\" content=\"article\" \/>\n<meta property=\"og:title\" content=\"E118 BAH\u00c7E T\u0130P\u0130 \u00c7\u00d6P KOVASI - Eta Metal\" \/>\n<meta property=\"og:description\" content=\"E118 BAH\u00c7E T\u0130P\u0130 \u00c7\u00d6P KOVASI\" \/>\n<meta property=\"og:url\" content=\"https:\/\/www.etacopkonteyner.com\/?product=e118-bahce-tipi-cop-kovasi\" \/>\n<meta property=\"og:site_name\" content=\"Eta Metal\" \/>\n<meta property=\"og:image\" content=\"https:\/\/www.etacopkonteyner.com\/wp-content\/uploads\/2020\/07\/118-584x1024-1.jpg\" \/>\n\t<meta property=\"og:image:width\" content=\"584\" \/>\n\t<meta property=\"og:image:height\" content=\"1024\" \/>\n\t<meta property=\"og:image:type\" content=\"image\/jpeg\" \/>\n<meta name=\"twitter:card\" content=\"summary_large_image\" \/>\n<script type=\"application\/ld+json\" class=\"yoast-schema-graph\">{\"@context\":\"https:\/\/schema.org\",\"@graph\":[{\"@type\":\"WebPage\",\"@id\":\"https:\/\/www.etacopkonteyner.com\/?product=e118-bahce-tipi-cop-kovasi\",\"url\":\"https:\/\/www.etacopkonteyner.com\/?product=e118-bahce-tipi-cop-kovasi\",\"name\":\"E118 BAH\u00c7E T\u0130P\u0130 \u00c7\u00d6P KOVASI - Eta Metal\",\"isPartOf\":{\"@id\":\"https:\/\/www.etacopkonteyner.com\/#website\"},\"primaryImageOfPage\":{\"@id\":\"https:\/\/www.etacopkonteyner.com\/?product=e118-bahce-tipi-cop-kovasi#primaryimage\"},\"image\":{\"@id\":\"https:\/\/www.etacopkonteyner.com\/?product=e118-bahce-tipi-cop-kovasi#primaryimage\"},\"thumbnailUrl\":\"https:\/\/www.etacopkonteyner.com\/wp-content\/uploads\/2020\/07\/118-584x1024-1.jpg\",\"datePublished\":\"2020-07-16T08:28:54+00:00\",\"breadcrumb\":{\"@id\":\"https:\/\/www.etacopkonteyner.com\/?product=e118-bahce-tipi-cop-kovasi#breadcrumb\"},\"inLanguage\":\"tr\",\"potentialAction\":[{\"@type\":\"ReadAction\",\"target\":[\"https:\/\/www.etacopkonteyner.com\/?product=e118-bahce-tipi-cop-kovasi\"]}]},{\"@type\":\"ImageObject\",\"inLanguage\":\"tr\",\"@id\":\"https:\/\/www.etacopkonteyner.com\/?product=e118-bahce-tipi-cop-kovasi#primaryimage\",\"url\":\"https:\/\/www.etacopkonteyner.com\/wp-content\/uploads\/2020\/07\/118-584x1024-1.jpg\",\"contentUrl\":\"https:\/\/www.etacopkonteyner.com\/wp-content\/uploads\/2020\/07\/118-584x1024-1.jpg\",\"width\":584,\"height\":1024},{\"@type\":\"BreadcrumbList\",\"@id\":\"https:\/\/www.etacopkonteyner.com\/?product=e118-bahce-tipi-cop-kovasi#breadcrumb\",\"itemListElement\":[{\"@type\":\"ListItem\",\"position\":1,\"name\":\"Anasayfa\",\"item\":\"https:\/\/www.etacopkonteyner.com\/\"},{\"@type\":\"ListItem\",\"position\":2,\"name\":\"\u00dcr\u00fcnler\",\"item\":\"https:\/\/www.etacopkonteyner.com\/?page_id=733\"},{\"@type\":\"ListItem\",\"position\":3,\"name\":\"E118 BAH\u00c7E T\u0130P\u0130 \u00c7\u00d6P KOVASI\"}]},{\"@type\":\"WebSite\",\"@id\":\"https:\/\/www.etacopkonteyner.com\/#website\",\"url\":\"https:\/\/www.etacopkonteyner.com\/\",\"name\":\"Eta Metal\",\"description\":\"Metal \u0130malat\u0131\",\"publisher\":{\"@id\":\"https:\/\/www.etacopkonteyner.com\/#organization\"},\"potentialAction\":[{\"@type\":\"SearchAction\",\"target\":{\"@type\":\"EntryPoint\",\"urlTemplate\":\"https:\/\/www.etacopkonteyner.com\/?s={search_term_string}\"},\"query-input\":{\"@type\":\"PropertyValueSpecification\",\"valueRequired\":true,\"valueName\":\"search_term_string\"}}],\"inLanguage\":\"tr\"},{\"@type\":\"Organization\",\"@id\":\"https:\/\/www.etacopkonteyner.com\/#organization\",\"name\":\"Eta Metal\",\"url\":\"https:\/\/www.etacopkonteyner.com\/\",\"logo\":{\"@type\":\"ImageObject\",\"inLanguage\":\"tr\",\"@id\":\"https:\/\/www.etacopkonteyner.com\/#\/schema\/logo\/image\/\",\"url\":\"http:\/\/www.etacopkonteyner.com\/wp-content\/uploads\/2022\/08\/cropped-etametal4.png\",\"contentUrl\":\"http:\/\/www.etacopkonteyner.com\/wp-content\/uploads\/2022\/08\/cropped-etametal4.png\",\"width\":180,\"height\":85,\"caption\":\"Eta Metal\"},\"image\":{\"@id\":\"https:\/\/www.etacopkonteyner.com\/#\/schema\/logo\/image\/\"}}]}<\/script>\n<!-- \/ Yoast SEO plugin. -->","yoast_head_json":{"title":"E118 BAH\u00c7E T\u0130P\u0130 \u00c7\u00d6P KOVASI - Eta Metal","robots":{"index":"index","follow":"follow","max-snippet":"max-snippet:-1","max-image-preview":"max-image-preview:large","max-video-preview":"max-video-preview:-1"},"canonical":"https:\/\/www.etacopkonteyner.com\/?product=e118-bahce-tipi-cop-kovasi","og_locale":"tr_TR","og_type":"article","og_title":"E118 BAH\u00c7E T\u0130P\u0130 \u00c7\u00d6P KOVASI - Eta Metal","og_description":"E118 BAH\u00c7E T\u0130P\u0130 \u00c7\u00d6P KOVASI","og_url":"https:\/\/www.etacopkonteyner.com\/?product=e118-bahce-tipi-cop-kovasi","og_site_name":"Eta Metal","og_image":[{"width":584,"height":1024,"url":"https:\/\/www.etacopkonteyner.com\/wp-content\/uploads\/2020\/07\/118-584x1024-1.jpg","type":"image\/jpeg"}],"twitter_card":"summary_large_image","schema":{"@context":"https:\/\/schema.org","@graph":[{"@type":"WebPage","@id":"https:\/\/www.etacopkonteyner.com\/?product=e118-bahce-tipi-cop-kovasi","url":"https:\/\/www.etacopkonteyner.com\/?product=e118-bahce-tipi-cop-kovasi","name":"E118 BAH\u00c7E T\u0130P\u0130 \u00c7\u00d6P KOVASI - Eta Metal","isPartOf":{"@id":"https:\/\/www.etacopkonteyner.com\/#website"},"primaryImageOfPage":{"@id":"https:\/\/www.etacopkonteyner.com\/?product=e118-bahce-tipi-cop-kovasi#primaryimage"},"image":{"@id":"https:\/\/www.etacopkonteyner.com\/?product=e118-bahce-tipi-cop-kovasi#primaryimage"},"thumbnailUrl":"https:\/\/www.etacopkonteyner.com\/wp-content\/uploads\/2020\/07\/118-584x1024-1.jpg","datePublished":"2020-07-16T08:28:54+00:00","breadcrumb":{"@id":"https:\/\/www.etacopkonteyner.com\/?product=e118-bahce-tipi-cop-kovasi#breadcrumb"},"inLanguage":"tr","potentialAction":[{"@type":"ReadAction","target":["https:\/\/www.etacopkonteyner.com\/?product=e118-bahce-tipi-cop-kovasi"]}]},{"@type":"ImageObject","inLanguage":"tr","@id":"https:\/\/www.etacopkonteyner.com\/?product=e118-bahce-tipi-cop-kovasi#primaryimage","url":"https:\/\/www.etacopkonteyner.com\/wp-content\/uploads\/2020\/07\/118-584x1024-1.jpg","contentUrl":"https:\/\/www.etacopkonteyner.com\/wp-content\/uploads\/2020\/07\/118-584x1024-1.jpg","width":584,"height":1024},{"@type":"BreadcrumbList","@id":"https:\/\/www.etacopkonteyner.com\/?product=e118-bahce-tipi-cop-kovasi#breadcrumb","itemListElement":[{"@type":"ListItem","position":1,"name":"Anasayfa","item":"https:\/\/www.etacopkonteyner.com\/"},{"@type":"ListItem","position":2,"name":"\u00dcr\u00fcnler","item":"https:\/\/www.etacopkonteyner.com\/?page_id=733"},{"@type":"ListItem","position":3,"name":"E118 BAH\u00c7E T\u0130P\u0130 \u00c7\u00d6P KOVASI"}]},{"@type":"WebSite","@id":"https:\/\/www.etacopkonteyner.com\/#website","url":"https:\/\/www.etacopkonteyner.com\/","name":"Eta Metal","description":"Metal \u0130malat\u0131","publisher":{"@id":"https:\/\/www.etacopkonteyner.com\/#organization"},"potentialAction":[{"@type":"SearchAction","target":{"@type":"EntryPoint","urlTemplate":"https:\/\/www.etacopkonteyner.com\/?s={search_term_string}"},"query-input":{"@type":"PropertyValueSpecification","valueRequired":true,"valueName":"search_term_string"}}],"inLanguage":"tr"},{"@type":"Organization","@id":"https:\/\/www.etacopkonteyner.com\/#organization","name":"Eta Metal","url":"https:\/\/www.etacopkonteyner.com\/","logo":{"@type":"ImageObject","inLanguage":"tr","@id":"https:\/\/www.etacopkonteyner.com\/#\/schema\/logo\/image\/","url":"http:\/\/www.etacopkonteyner.com\/wp-content\/uploads\/2022\/08\/cropped-etametal4.png","contentUrl":"http:\/\/www.etacopkonteyner.com\/wp-content\/uploads\/2022\/08\/cropped-etametal4.png","width":180,"height":85,"caption":"Eta Metal"},"image":{"@id":"https:\/\/www.etacopkonteyner.com\/#\/schema\/logo\/image\/"}}]}},"_links":{"self":[{"href":"https:\/\/www.etacopkonteyner.com\/index.php?rest_route=\/wp\/v2\/product\/607","targetHints":{"allow":["GET"]}}],"collection":[{"href":"https:\/\/www.etacopkonteyner.com\/index.php?rest_route=\/wp\/v2\/product"}],"about":[{"href":"https:\/\/www.etacopkonteyner.com\/index.php?rest_route=\/wp\/v2\/types\/product"}],"replies":[{"embeddable":true,"href":"https:\/\/www.etacopkonteyner.com\/index.php?rest_route=%2Fwp%2Fv2%2Fcomments&post=607"}],"wp:featuredmedia":[{"embeddable":true,"href":"https:\/\/www.etacopkonteyner.com\/index.php?rest_route=\/wp\/v2\/media\/608"}],"wp:attachment":[{"href":"https:\/\/www.etacopkonteyner.com\/index.php?rest_route=%2Fwp%2Fv2%2Fmedia&parent=607"}],"wp:term":[{"taxonomy":"product_brand","embeddable":true,"href":"https:\/\/www.etacopkonteyner.com\/index.php?rest_route=%2Fwp%2Fv2%2Fproduct_brand&post=607"},{"taxonomy":"product_cat","embeddable":true,"href":"https:\/\/www.etacopkonteyner.com\/index.php?rest_route=%2Fwp%2Fv2%2Fproduct_cat&post=607"},{"taxonomy":"product_tag","embeddable":true,"href":"https:\/\/www.etacopkonteyner.com\/index.php?rest_route=%2Fwp%2Fv2%2Fproduct_tag&post=607"}],"curies":[{"name":"wp","href":"https:\/\/api.w.org\/{rel}","templated":true}]}}